{"id":21,"date":"2023-01-12T12:58:58","date_gmt":"2023-01-12T11:58:58","guid":{"rendered":"https:\/\/conceptgreen.carlgross.de\/?page_id=21"},"modified":"2025-09-04T17:33:17","modified_gmt":"2025-09-04T15:33:17","slug":"vision-ziele","status":"publish","type":"page","link":"https:\/\/conceptgreen.carlgross.de\/en\/vision-ziele\/","title":{"rendered":"Vision &amp; Goals"},"content":{"rendered":"<div data-elementor-type=\"wp-page\" data-elementor-id=\"21\" class=\"elementor elementor-21\" data-elementor-post-type=\"page\">\n\t\t\t\t<div class=\"elementor-element elementor-element-7392687 e-flex e-con-boxed e-con e-parent\" data-id=\"7392687\" data-element_type=\"container\" data-e-type=\"container\">\n\t\t\t\t\t<div class=\"e-con-inner\">\n\t\t<div class=\"elementor-element elementor-element-65c92b2 e-con-full elementor-hidden-tablet elementor-hidden-mobile e-flex e-con e-child\" data-id=\"65c92b2\" data-element_type=\"container\" data-e-type=\"container\" data-settings=\"{&quot;background_background&quot;:&quot;classic&quot;}\">\n\t\t\t\t<\/div>\n\t\t<div class=\"elementor-element elementor-element-1f0ec63 e-con-full e-flex e-con e-child\" data-id=\"1f0ec63\" data-element_type=\"container\" data-e-type=\"container\">\n\t\t\t\t<div class=\"elementor-element elementor-element-d9861cc elementor-widget elementor-widget-heading\" data-id=\"d9861cc\" data-element_type=\"widget\" data-e-type=\"widget\" data-widget_type=\"heading.default\">\n\t\t\t\t<div class=\"elementor-widget-container\">\n\t\t\t\t\t<h1 class=\"elementor-heading-title elementor-size-default\">Vision &amp; Goals<\/h1>\t\t\t\t<\/div>\n\t\t\t\t<\/div>\n\t\t\t\t<div class=\"elementor-element elementor-element-91f8b42 elementor-widget elementor-widget-text-editor\" data-id=\"91f8b42\" data-element_type=\"widget\" data-e-type=\"widget\" data-widget_type=\"text-editor.default\">\n\t\t\t\t<div class=\"elementor-widget-container\">\n\t\t\t\t\t\t\t\t\t<p>Sustainability is an integral part of our corporate values.<br \/><span style=\"color: var( --e-global-color-text ); font-family: var( --e-global-typography-text-font-family ), Sans-serif; font-weight: var( --e-global-typography-text-font-weight ); text-align: var(--text-align); background-color: var( --e-global-color-00b2aba ); font-size: 1rem;\">Designing and manufacturing clothing without impacting on natural resources is the vision that we are coming closer to step by step. The focus is on the use of materials that are as natural and environmentally friendly as possible and optimisation along the production chain. Our aim is to follow innovative paths and constantly integrate new developments.<\/span><\/p><p><span style=\"color: var( --e-global-color-text ); font-family: var( --e-global-typography-text-font-family ), Sans-serif; font-weight: var( --e-global-typography-text-font-weight ); text-align: var(--text-align); background-color: var( --e-global-color-00b2aba ); font-size: 1rem;\">MODERN, TRADITIONAL &amp; EXCELLENT<\/span><\/p><p><span style=\"color: var( --e-global-color-text ); font-family: var( --e-global-typography-text-font-family ), Sans-serif; font-weight: var( --e-global-typography-text-font-weight ); text-align: var(--text-align); background-color: var( --e-global-color-00b2aba ); font-size: 1rem;\">Our brand values stand for high quality, excellent workmanship and perfect fit of our products.<\/span><\/p>\t\t\t\t\t\t\t\t<\/div>\n\t\t\t\t<\/div>\n\t\t\t\t<div class=\"elementor-element elementor-element-8eb8300 elementor-widget elementor-widget-spacer\" data-id=\"8eb8300\" data-element_type=\"widget\" data-e-type=\"widget\" data-widget_type=\"spacer.default\">\n\t\t\t\t<div class=\"elementor-widget-container\">\n\t\t\t\t\t\t\t<div class=\"elementor-spacer\">\n\t\t\t<div class=\"elementor-spacer-inner\"><\/div>\n\t\t<\/div>\n\t\t\t\t\t\t<\/div>\n\t\t\t\t<\/div>\n\t\t\t\t<div class=\"elementor-element elementor-element-ec5955d elementor-widget elementor-widget-heading\" data-id=\"ec5955d\" data-element_type=\"widget\" data-e-type=\"widget\" data-widget_type=\"heading.default\">\n\t\t\t\t<div class=\"elementor-widget-container\">\n\t\t\t\t\t<h2 class=\"elementor-heading-title elementor-size-default\">Goals achieved<\/h2>\t\t\t\t<\/div>\n\t\t\t\t<\/div>\n\t\t\t\t<div class=\"elementor-element elementor-element-638d329 elementor-widget elementor-widget-spacer\" data-id=\"638d329\" data-element_type=\"widget\" data-e-type=\"widget\" data-widget_type=\"spacer.default\">\n\t\t\t\t<div class=\"elementor-widget-container\">\n\t\t\t\t\t\t\t<div class=\"elementor-spacer\">\n\t\t\t<div class=\"elementor-spacer-inner\"><\/div>\n\t\t<\/div>\n\t\t\t\t\t\t<\/div>\n\t\t\t\t<\/div>\n\t\t<div class=\"elementor-element elementor-element-dad0c24 e-flex e-con-boxed e-con e-child\" data-id=\"dad0c24\" data-element_type=\"container\" data-e-type=\"container\">\n\t\t\t\t\t<div class=\"e-con-inner\">\n\t\t<div class=\"elementor-element elementor-element-05cf217 e-flex e-con-boxed e-con e-child\" data-id=\"05cf217\" data-element_type=\"container\" data-e-type=\"container\">\n\t\t\t\t\t<div class=\"e-con-inner\">\n\t\t\t\t<div class=\"elementor-element elementor-element-c84e522 elementor-position-left elementor-vertical-align-middle elementor-widget elementor-widget-image-box\" data-id=\"c84e522\" data-element_type=\"widget\" data-e-type=\"widget\" data-widget_type=\"image-box.default\">\n\t\t\t\t<div class=\"elementor-widget-container\">\n\t\t\t\t\t<div class=\"elementor-image-box-wrapper\"><figure class=\"elementor-image-box-img\"><img decoding=\"async\" src=\"https:\/\/conceptgreen.carlgross.de\/wp-content\/uploads\/elementor\/thumbs\/piktogramm_hand-q0k3ibvuwhyxmy5v3bxj4uwf8wlnew3z80kn9tagvc.png\" title=\"piktogramm_hand\" alt=\"Piktogramm Hand\" loading=\"lazy\" \/><\/figure><div class=\"elementor-image-box-content\"><p class=\"elementor-image-box-description\">Products from the autumn\/winter 2023 collection onwards consist of at least 33% certified sourced fibres, materials with recycled content, fabrics from GOTS-certified production or untreated (undyed) outer fabric, as well as HARRIS TWEED, for example. For older items, the percentage is at least 20%.<\/p><\/div><\/div>\t\t\t\t<\/div>\n\t\t\t\t<\/div>\n\t\t\t\t\t<\/div>\n\t\t\t\t<\/div>\n\t\t<div class=\"elementor-element elementor-element-15d155b e-flex e-con-boxed e-con e-child\" data-id=\"15d155b\" data-element_type=\"container\" data-e-type=\"container\">\n\t\t\t\t\t<div class=\"e-con-inner\">\n\t\t\t\t<div class=\"elementor-element elementor-element-f4c2c85 elementor-position-left elementor-vertical-align-middle elementor-widget elementor-widget-image-box\" data-id=\"f4c2c85\" data-element_type=\"widget\" data-e-type=\"widget\" data-widget_type=\"image-box.default\">\n\t\t\t\t<div class=\"elementor-widget-container\">\n\t\t\t\t\t<div class=\"elementor-image-box-wrapper\"><figure class=\"elementor-image-box-img\"><img decoding=\"async\" src=\"https:\/\/conceptgreen.carlgross.de\/wp-content\/uploads\/elementor\/thumbs\/piktogramm_box-q0k3rvwsdv1vo8a5agmzhg34nxhzo41qjbccx34dm0.png\" title=\"piktogramm_box\" alt=\"Piktogramm Box\" loading=\"lazy\" \/><\/figure><div class=\"elementor-image-box-content\"><p class=\"elementor-image-box-description\">Our returns and second choice products are sold in our outlets, to best price marketers and buyers or given to charitable organisations.<\/p><\/div><\/div>\t\t\t\t<\/div>\n\t\t\t\t<\/div>\n\t\t\t\t\t<\/div>\n\t\t\t\t<\/div>\n\t\t\t\t\t<\/div>\n\t\t\t\t<\/div>\n\t\t<div class=\"elementor-element elementor-element-cc1edb4 e-flex e-con-boxed e-con e-child\" data-id=\"cc1edb4\" data-element_type=\"container\" data-e-type=\"container\">\n\t\t\t\t\t<div class=\"e-con-inner\">\n\t\t<div class=\"elementor-element elementor-element-a2b1e1e e-flex e-con-boxed e-con e-child\" data-id=\"a2b1e1e\" data-element_type=\"container\" data-e-type=\"container\">\n\t\t\t\t\t<div class=\"e-con-inner\">\n\t\t\t\t<div class=\"elementor-element elementor-element-0376f0d elementor-position-left elementor-vertical-align-middle elementor-widget elementor-widget-image-box\" data-id=\"0376f0d\" data-element_type=\"widget\" data-e-type=\"widget\" data-widget_type=\"image-box.default\">\n\t\t\t\t<div class=\"elementor-widget-container\">\n\t\t\t\t\t<div class=\"elementor-image-box-wrapper\"><figure class=\"elementor-image-box-img\"><img decoding=\"async\" src=\"https:\/\/conceptgreen.carlgross.de\/wp-content\/uploads\/elementor\/thumbs\/piktogram_pricetag-q0k3s76unvhbjjtrgliibd8nsjye8haikv66oennjc.png\" title=\"piktogram_pricetag\" alt=\"Piktogramm Preisschild\" loading=\"lazy\" \/><\/figure><div class=\"elementor-image-box-content\"><p class=\"elementor-image-box-description\">At least 90% of the trims such as buttons, lining &amp; labels are certified harmful substances tested.<\/p><\/div><\/div>\t\t\t\t<\/div>\n\t\t\t\t<\/div>\n\t\t\t\t\t<\/div>\n\t\t\t\t<\/div>\n\t\t<div class=\"elementor-element elementor-element-41c547c e-flex e-con-boxed e-con e-child\" data-id=\"41c547c\" data-element_type=\"container\" data-e-type=\"container\">\n\t\t\t\t\t<div class=\"e-con-inner\">\n\t\t\t\t<div class=\"elementor-element elementor-element-d9f6913 elementor-position-left elementor-vertical-align-middle elementor-widget elementor-widget-image-box\" data-id=\"d9f6913\" data-element_type=\"widget\" data-e-type=\"widget\" data-widget_type=\"image-box.default\">\n\t\t\t\t<div class=\"elementor-widget-container\">\n\t\t\t\t\t<div class=\"elementor-image-box-wrapper\"><figure class=\"elementor-image-box-img\"><img decoding=\"async\" src=\"https:\/\/conceptgreen.carlgross.de\/wp-content\/uploads\/elementor\/thumbs\/piktogramm_kreislauf-q0k3rxsgrj4gbg7ezhg8mfm1up8q3i977knbvn1l9k.png\" title=\"piktogramm_kreislauf\" alt=\"Piktogramm Kreislauf\" loading=\"lazy\" \/><\/figure><div class=\"elementor-image-box-content\"><p class=\"elementor-image-box-description\">Our hangers are reprocessed and reused in the sense of the hanger cycle.<\/p><\/div><\/div>\t\t\t\t<\/div>\n\t\t\t\t<\/div>\n\t\t\t\t\t<\/div>\n\t\t\t\t<\/div>\n\t\t\t\t\t<\/div>\n\t\t\t\t<\/div>\n\t\t<div class=\"elementor-element elementor-element-25994d0 e-flex e-con-boxed e-con e-child\" data-id=\"25994d0\" data-element_type=\"container\" data-e-type=\"container\">\n\t\t\t\t\t<div class=\"e-con-inner\">\n\t\t<div class=\"elementor-element elementor-element-14a5529 e-flex e-con-boxed e-con e-child\" data-id=\"14a5529\" data-element_type=\"container\" data-e-type=\"container\">\n\t\t\t\t\t<div class=\"e-con-inner\">\n\t\t\t\t<div class=\"elementor-element elementor-element-6ad910b elementor-position-left elementor-vertical-align-middle elementor-widget elementor-widget-image-box\" data-id=\"6ad910b\" data-element_type=\"widget\" data-e-type=\"widget\" data-widget_type=\"image-box.default\">\n\t\t\t\t<div class=\"elementor-widget-container\">\n\t\t\t\t\t<div class=\"elementor-image-box-wrapper\"><figure class=\"elementor-image-box-img\"><img decoding=\"async\" src=\"https:\/\/conceptgreen.carlgross.de\/wp-content\/uploads\/elementor\/thumbs\/piktogram_herz-q0k3s5b6a7eqwbwhrkp96dpqls7nt331wlv7puqfvs.png\" title=\"piktogram_herz\" alt=\"Piktogramm Herz\" loading=\"lazy\" \/><\/figure><div class=\"elementor-image-box-content\"><p class=\"elementor-image-box-description\">Complete transparency regarding our product composition and our partners.<\/p><\/div><\/div>\t\t\t\t<\/div>\n\t\t\t\t<\/div>\n\t\t\t\t\t<\/div>\n\t\t\t\t<\/div>\n\t\t<div class=\"elementor-element elementor-element-4664867 e-flex e-con-boxed e-con e-child\" data-id=\"4664867\" data-element_type=\"container\" data-e-type=\"container\">\n\t\t\t\t\t<div class=\"e-con-inner\">\n\t\t\t\t<div class=\"elementor-element elementor-element-798d1ea elementor-position-left elementor-vertical-align-middle elementor-widget elementor-widget-image-box\" data-id=\"798d1ea\" data-element_type=\"widget\" data-e-type=\"widget\" data-widget_type=\"image-box.default\">\n\t\t\t\t<div class=\"elementor-widget-container\">\n\t\t\t\t\t<div class=\"elementor-image-box-wrapper\"><figure class=\"elementor-image-box-img\"><img decoding=\"async\" src=\"https:\/\/conceptgreen.carlgross.de\/wp-content\/uploads\/elementor\/thumbs\/piktogram_handshake-q0k3say7f7mgtzoaun50lcai63fv39pfxds4lii2ug.png\" title=\"piktogram_handshake\" alt=\"Piktogramm Handshake\" loading=\"lazy\" \/><\/figure><div class=\"elementor-image-box-content\"><p class=\"elementor-image-box-description\">Our Code of Conduct sets out social and ethical standards to which our partners must adhere.<\/p><\/div><\/div>\t\t\t\t<\/div>\n\t\t\t\t<\/div>\n\t\t\t\t\t<\/div>\n\t\t\t\t<\/div>\n\t\t\t\t\t<\/div>\n\t\t\t\t<\/div>\n\t\t\t\t<\/div>\n\t\t\t\t\t<\/div>\n\t\t\t\t<\/div>\n\t\t<div class=\"elementor-element elementor-element-b04f3d2 e-flex e-con-boxed e-con e-parent\" data-id=\"b04f3d2\" data-element_type=\"container\" data-e-type=\"container\" data-settings=\"{&quot;background_background&quot;:&quot;classic&quot;}\">\n\t\t\t\t\t<div class=\"e-con-inner\">\n\t\t\t\t<div class=\"elementor-element elementor-element-2b96258 elementor-widget elementor-widget-text-editor\" data-id=\"2b96258\" data-element_type=\"widget\" data-e-type=\"widget\" data-widget_type=\"text-editor.default\">\n\t\t\t\t<div class=\"elementor-widget-container\">\n\t\t\t\t\t\t\t\t\t<p>Our minimum ambition for every upcoming CONCEPT GREEN collection is to maintain or increase our targets \u2013 there is no step back. Our goal is to have the sustainable components extended to all collection items as soon as possible.<\/p>\t\t\t\t\t\t\t\t<\/div>\n\t\t\t\t<\/div>\n\t\t\t\t\t<\/div>\n\t\t\t\t<\/div>\n\t\t\t\t<\/div>","protected":false},"excerpt":{"rendered":"<p>Nachhaltigkeit ist ein fester Bestandteil unserer Unternehmenswerte.Bekleidung zu entwerfen und herzustellen, ohne dabei nat\u00fcrliche Ressourcen zu beeintr\u00e4chtigen, ist die Vision der wir Schritt f\u00fcr Schritt n\u00e4her kommen. Der Fokus liegt auf der Verwendung von m\u00f6glichst nat\u00fcrlichen und umweltschonenden Materialien und Optimierungen entlang der Herstellungskette. Innovative Wege zu gehen und neue Entwicklungen stetig zu integrieren, ist [&hellip;]<\/p>\n","protected":false},"author":1,"featured_media":60,"parent":0,"menu_order":0,"comment_status":"closed","ping_status":"closed","template":"elementor_header_footer","meta":{"footnotes":""},"class_list":["post-21","page","type-page","status-publish","has-post-thumbnail","hentry"],"_links":{"self":[{"href":"https:\/\/conceptgreen.carlgross.de\/en\/wp-json\/wp\/v2\/pages\/21","targetHints":{"allow":["GET"]}}],"collection":[{"href":"https:\/\/conceptgreen.carlgross.de\/en\/wp-json\/wp\/v2\/pages"}],"about":[{"href":"https:\/\/conceptgreen.carlgross.de\/en\/wp-json\/wp\/v2\/types\/page"}],"author":[{"embeddable":true,"href":"https:\/\/conceptgreen.carlgross.de\/en\/wp-json\/wp\/v2\/users\/1"}],"replies":[{"embeddable":true,"href":"https:\/\/conceptgreen.carlgross.de\/en\/wp-json\/wp\/v2\/comments?post=21"}],"version-history":[{"count":0,"href":"https:\/\/conceptgreen.carlgross.de\/en\/wp-json\/wp\/v2\/pages\/21\/revisions"}],"wp:featuredmedia":[{"embeddable":true,"href":"https:\/\/conceptgreen.carlgross.de\/en\/wp-json\/wp\/v2\/media\/60"}],"wp:attachment":[{"href":"https:\/\/conceptgreen.carlgross.de\/en\/wp-json\/wp\/v2\/media?parent=21"}],"curies":[{"name":"wp","href":"https:\/\/api.w.org\/{rel}","templated":true}]}}