{"id":25,"date":"2023-01-12T12:59:19","date_gmt":"2023-01-12T11:59:19","guid":{"rendered":"https:\/\/conceptgreen.carlgross.de\/?page_id=25"},"modified":"2025-11-28T10:53:16","modified_gmt":"2025-11-28T09:53:16","slug":"partner","status":"publish","type":"page","link":"https:\/\/conceptgreen.carlgross.de\/en\/partner\/","title":{"rendered":"Partner"},"content":{"rendered":"<div data-elementor-type=\"wp-page\" data-elementor-id=\"25\" class=\"elementor elementor-25\" data-elementor-post-type=\"page\">\n\t\t\t\t<div class=\"elementor-element elementor-element-601eb16 e-flex e-con-boxed e-con e-parent\" data-id=\"601eb16\" data-element_type=\"container\" data-e-type=\"container\">\n\t\t\t\t\t<div class=\"e-con-inner\">\n\t\t<div class=\"elementor-element elementor-element-aef0b40 e-con-full elementor-hidden-tablet elementor-hidden-mobile e-flex e-con e-child\" data-id=\"aef0b40\" data-element_type=\"container\" data-e-type=\"container\" data-settings=\"{&quot;background_background&quot;:&quot;classic&quot;}\">\n\t\t\t\t<\/div>\n\t\t<div class=\"elementor-element elementor-element-1f58b3a e-con-full e-flex e-con e-child\" data-id=\"1f58b3a\" data-element_type=\"container\" data-e-type=\"container\">\n\t\t\t\t<div class=\"elementor-element elementor-element-55a0abc elementor-widget elementor-widget-heading\" data-id=\"55a0abc\" data-element_type=\"widget\" data-e-type=\"widget\" data-widget_type=\"heading.default\">\n\t\t\t\t<div class=\"elementor-widget-container\">\n\t\t\t\t\t<h1 class=\"elementor-heading-title elementor-size-default\">Partner<\/h1>\t\t\t\t<\/div>\n\t\t\t\t<\/div>\n\t\t\t\t<div class=\"elementor-element elementor-element-a2218dd elementor-widget elementor-widget-text-editor\" data-id=\"a2218dd\" data-element_type=\"widget\" data-e-type=\"widget\" data-widget_type=\"text-editor.default\">\n\t\t\t\t<div class=\"elementor-widget-container\">\n\t\t\t\t\t\t\t\t\t<p>With regard to our ingredients, such as buttons, linings and labels, we at CONCEPT GREEN also work exclusively with selected partners. All our partners must comply with our Code of Conduct, our company's own RSL and our purchasing conditions.<\/p>\t\t\t\t\t\t\t\t<\/div>\n\t\t\t\t<\/div>\n\t\t\t\t<div class=\"elementor-element elementor-element-f051f73 elementor-widget elementor-widget-spacer\" data-id=\"f051f73\" data-element_type=\"widget\" data-e-type=\"widget\" data-widget_type=\"spacer.default\">\n\t\t\t\t<div class=\"elementor-widget-container\">\n\t\t\t\t\t\t\t<div class=\"elementor-spacer\">\n\t\t\t<div class=\"elementor-spacer-inner\"><\/div>\n\t\t<\/div>\n\t\t\t\t\t\t<\/div>\n\t\t\t\t<\/div>\n\t\t<div class=\"elementor-element elementor-element-f248f1b e-flex e-con-boxed e-con e-child\" data-id=\"f248f1b\" data-element_type=\"container\" data-e-type=\"container\">\n\t\t\t\t\t<div class=\"e-con-inner\">\n\t\t<a class=\"elementor-element elementor-element-e41998e e-flex e-con-boxed e-con e-child\" data-id=\"e41998e\" data-element_type=\"container\" data-e-type=\"container\" data-settings=\"{&quot;background_background&quot;:&quot;classic&quot;}\" href=\"https:\/\/www.anker-knopf.de\/\" target=\"_blank\">\n\t\t\t\t\t<div class=\"e-con-inner\">\n\t\t\t\t<div class=\"elementor-element elementor-element-ccaebfb item-to-increase elementor-widget elementor-widget-heading\" data-id=\"ccaebfb\" data-element_type=\"widget\" data-e-type=\"widget\" data-widget_type=\"heading.default\">\n\t\t\t\t<div class=\"elementor-widget-container\">\n\t\t\t\t\t<div class=\"elementor-heading-title elementor-size-default\">anker knopf<\/div>\t\t\t\t<\/div>\n\t\t\t\t<\/div>\n\t\t\t\t\t<\/div>\n\t\t\t\t<\/a>\n\t\t<a class=\"elementor-element elementor-element-80f0d95 e-flex e-con-boxed e-con e-child\" data-id=\"80f0d95\" data-element_type=\"container\" data-e-type=\"container\" data-settings=\"{&quot;background_background&quot;:&quot;classic&quot;}\" href=\"https:\/\/www.gitessil.it\/\" target=\"_blank\">\n\t\t\t\t\t<div class=\"e-con-inner\">\n\t\t\t\t<div class=\"elementor-element elementor-element-2819d6c item-to-increase elementor-widget elementor-widget-heading\" data-id=\"2819d6c\" data-element_type=\"widget\" data-e-type=\"widget\" data-widget_type=\"heading.default\">\n\t\t\t\t<div class=\"elementor-widget-container\">\n\t\t\t\t\t<div class=\"elementor-heading-title elementor-size-default\">GI. Tessil<\/div>\t\t\t\t<\/div>\n\t\t\t\t<\/div>\n\t\t\t\t\t<\/div>\n\t\t\t\t<\/a>\n\t\t<a class=\"elementor-element elementor-element-c28064d e-flex e-con-boxed e-con e-child\" data-id=\"c28064d\" data-element_type=\"container\" data-e-type=\"container\" data-settings=\"{&quot;background_background&quot;:&quot;classic&quot;}\" href=\"https:\/\/www.ghiringhelliezio.it\/\" target=\"_blank\">\n\t\t\t\t\t<div class=\"e-con-inner\">\n\t\t\t\t<div class=\"elementor-element elementor-element-9c49fae item-to-increase elementor-widget elementor-widget-heading\" data-id=\"9c49fae\" data-element_type=\"widget\" data-e-type=\"widget\" data-widget_type=\"heading.default\">\n\t\t\t\t<div class=\"elementor-widget-container\">\n\t\t\t\t\t<div class=\"elementor-heading-title elementor-size-default\">Ezio Ghirnighelli<\/div>\t\t\t\t<\/div>\n\t\t\t\t<\/div>\n\t\t\t\t\t<\/div>\n\t\t\t\t<\/a>\n\t\t\t\t\t<\/div>\n\t\t\t\t<\/div>\n\t\t<div class=\"elementor-element elementor-element-70799a5 e-flex e-con-boxed e-con e-child\" data-id=\"70799a5\" data-element_type=\"container\" data-e-type=\"container\">\n\t\t\t\t\t<div class=\"e-con-inner\">\n\t\t<a class=\"elementor-element elementor-element-05cdfba e-flex e-con-boxed e-con e-child\" data-id=\"05cdfba\" data-element_type=\"container\" data-e-type=\"container\" data-settings=\"{&quot;background_background&quot;:&quot;classic&quot;}\" href=\"https:\/\/www.nilorn.com\/sustainability\/we-provide\/\" target=\"_blank\">\n\t\t\t\t\t<div class=\"e-con-inner\">\n\t\t\t\t<div class=\"elementor-element elementor-element-35fc048 item-to-increase elementor-widget elementor-widget-heading\" data-id=\"35fc048\" data-element_type=\"widget\" data-e-type=\"widget\" data-widget_type=\"heading.default\">\n\t\t\t\t<div class=\"elementor-widget-container\">\n\t\t\t\t\t<div class=\"elementor-heading-title elementor-size-default\">Nilron<\/div>\t\t\t\t<\/div>\n\t\t\t\t<\/div>\n\t\t\t\t\t<\/div>\n\t\t\t\t<\/a>\n\t\t<a class=\"elementor-element elementor-element-a87f173 e-flex e-con-boxed e-con e-child\" data-id=\"a87f173\" data-element_type=\"container\" data-e-type=\"container\" data-settings=\"{&quot;background_background&quot;:&quot;classic&quot;}\" href=\"https:\/\/www.helsa.com\/\" target=\"_blank\">\n\t\t\t\t\t<div class=\"e-con-inner\">\n\t\t\t\t<div class=\"elementor-element elementor-element-e26b86f item-to-increase elementor-widget elementor-widget-heading\" data-id=\"e26b86f\" data-element_type=\"widget\" data-e-type=\"widget\" data-widget_type=\"heading.default\">\n\t\t\t\t<div class=\"elementor-widget-container\">\n\t\t\t\t\t<div class=\"elementor-heading-title elementor-size-default\">helsa<\/div>\t\t\t\t<\/div>\n\t\t\t\t<\/div>\n\t\t\t\t\t<\/div>\n\t\t\t\t<\/a>\n\t\t<a class=\"elementor-element elementor-element-3f5e50e e-flex e-con-boxed e-con e-child\" data-id=\"3f5e50e\" data-element_type=\"container\" data-e-type=\"container\" data-settings=\"{&quot;background_background&quot;:&quot;classic&quot;}\" href=\"https:\/\/www.kufner-textil.com\/kufner\/\" target=\"_blank\">\n\t\t\t\t\t<div class=\"e-con-inner\">\n\t\t\t\t<div class=\"elementor-element elementor-element-43f42d3 item-to-increase elementor-widget elementor-widget-heading\" data-id=\"43f42d3\" data-element_type=\"widget\" data-e-type=\"widget\" data-widget_type=\"heading.default\">\n\t\t\t\t<div class=\"elementor-widget-container\">\n\t\t\t\t\t<div class=\"elementor-heading-title elementor-size-default\">Kufner<\/div>\t\t\t\t<\/div>\n\t\t\t\t<\/div>\n\t\t\t\t\t<\/div>\n\t\t\t\t<\/a>\n\t\t\t\t\t<\/div>\n\t\t\t\t<\/div>\n\t\t<div class=\"elementor-element elementor-element-e791ee9 e-flex e-con-boxed e-con e-child\" data-id=\"e791ee9\" data-element_type=\"container\" data-e-type=\"container\">\n\t\t\t\t\t<div class=\"e-con-inner\">\n\t\t<a class=\"elementor-element elementor-element-b54a457 e-flex e-con-boxed e-con e-child\" data-id=\"b54a457\" data-element_type=\"container\" data-e-type=\"container\" data-settings=\"{&quot;background_background&quot;:&quot;classic&quot;}\" href=\"https:\/\/actk.nl\/de\/\" target=\"_blank\">\n\t\t\t\t\t<div class=\"e-con-inner\">\n\t\t\t\t<div class=\"elementor-element elementor-element-d0349b0 item-to-increase elementor-widget elementor-widget-heading\" data-id=\"d0349b0\" data-element_type=\"widget\" data-e-type=\"widget\" data-widget_type=\"heading.default\">\n\t\t\t\t<div class=\"elementor-widget-container\">\n\t\t\t\t\t<div class=\"elementor-heading-title elementor-size-default\">A.C. Ter Kuile<\/div>\t\t\t\t<\/div>\n\t\t\t\t<\/div>\n\t\t\t\t\t<\/div>\n\t\t\t\t<\/a>\n\t\t<a class=\"elementor-element elementor-element-85260cb e-flex e-con-boxed e-con e-child\" data-id=\"85260cb\" data-element_type=\"container\" data-e-type=\"container\" data-settings=\"{&quot;background_background&quot;:&quot;classic&quot;}\" href=\"https:\/\/www.knopf-schaefer.de\/de\/index.html\" target=\"_blank\">\n\t\t\t\t\t<div class=\"e-con-inner\">\n\t\t\t\t<div class=\"elementor-element elementor-element-cd3e245 item-to-increase elementor-widget elementor-widget-heading\" data-id=\"cd3e245\" data-element_type=\"widget\" data-e-type=\"widget\" data-widget_type=\"heading.default\">\n\t\t\t\t<div class=\"elementor-widget-container\">\n\t\t\t\t\t<div class=\"elementor-heading-title elementor-size-default\">Sch\u00e4fer \u2013 Bodo Jagdberg<\/div>\t\t\t\t<\/div>\n\t\t\t\t<\/div>\n\t\t\t\t\t<\/div>\n\t\t\t\t<\/a>\n\t\t<a class=\"elementor-element elementor-element-8468a7c elementor-hidden-mobile e-flex e-con-boxed e-con e-child\" data-id=\"8468a7c\" data-element_type=\"container\" data-e-type=\"container\" data-settings=\"{&quot;background_background&quot;:&quot;classic&quot;}\" href=\"https:\/\/fauck.de\/\" target=\"_blank\">\n\t\t\t\t\t<div class=\"e-con-inner\">\n\t\t\t\t<div class=\"elementor-element elementor-element-1acc229 item-to-increase elementor-widget elementor-widget-heading\" data-id=\"1acc229\" data-element_type=\"widget\" data-e-type=\"widget\" data-widget_type=\"heading.default\">\n\t\t\t\t<div class=\"elementor-widget-container\">\n\t\t\t\t\t<div class=\"elementor-heading-title elementor-size-default\"> FAUCK<\/div>\t\t\t\t<\/div>\n\t\t\t\t<\/div>\n\t\t\t\t\t<\/div>\n\t\t\t\t<\/a>\n\t\t\t\t\t<\/div>\n\t\t\t\t<\/div>\n\t\t\t\t<div class=\"elementor-element elementor-element-c54c60f elementor-widget elementor-widget-spacer\" data-id=\"c54c60f\" data-element_type=\"widget\" data-e-type=\"widget\" data-widget_type=\"spacer.default\">\n\t\t\t\t<div class=\"elementor-widget-container\">\n\t\t\t\t\t\t\t<div class=\"elementor-spacer\">\n\t\t\t<div class=\"elementor-spacer-inner\"><\/div>\n\t\t<\/div>\n\t\t\t\t\t\t<\/div>\n\t\t\t\t<\/div>\n\t\t\t\t<div class=\"elementor-element elementor-element-c2f5dec elementor-widget elementor-widget-heading\" data-id=\"c2f5dec\" data-element_type=\"widget\" data-e-type=\"widget\" data-widget_type=\"heading.default\">\n\t\t\t\t<div class=\"elementor-widget-container\">\n\t\t\t\t\t<h1 class=\"elementor-heading-title elementor-size-default\">Production facilities<\/h1>\t\t\t\t<\/div>\n\t\t\t\t<\/div>\n\t\t\t\t<div class=\"elementor-element elementor-element-fac32ba elementor-widget elementor-widget-text-editor\" data-id=\"fac32ba\" data-element_type=\"widget\" data-e-type=\"widget\" data-widget_type=\"text-editor.default\">\n\t\t\t\t<div class=\"elementor-widget-container\">\n\t\t\t\t\t\t\t\t\t<p>For our current CONCEPT GREEN collection, we work with producers in two countries. We endeavour to select our production sites in such a way that long delivery routes are avoided as far as possible. It is important to us that our values are respected in every country by every supplier with whom we produce. Our requirements for working conditions and health and safety standards must be met. This is based on our purchasing regulations and the Social Code of Conduct.<\/p>\t\t\t\t\t\t\t\t<\/div>\n\t\t\t\t<\/div>\n\t\t\t\t<\/div>\n\t\t\t\t\t<\/div>\n\t\t\t\t<\/div>\n\t\t<div class=\"elementor-element elementor-element-4b9a852 e-flex e-con-boxed e-con e-parent\" data-id=\"4b9a852\" data-element_type=\"container\" data-e-type=\"container\">\n\t\t\t\t\t<div class=\"e-con-inner\">\n\t\t\t\t<div class=\"elementor-element elementor-element-d53d2e4 elementor-widget elementor-widget-image\" data-id=\"d53d2e4\" data-element_type=\"widget\" data-e-type=\"widget\" data-widget_type=\"image.default\">\n\t\t\t\t<div class=\"elementor-widget-container\">\n\t\t\t\t\t\t\t\t\t\t\t\t\t\t\t<img fetchpriority=\"high\" decoding=\"async\" width=\"2560\" height=\"1707\" src=\"https:\/\/conceptgreen.carlgross.de\/wp-content\/uploads\/2025\/07\/ConceptGreen_Produktion_2025-scaled.png\" class=\"attachment-full size-full wp-image-3422\" alt=\"Grafik einer Landkarte mit Markierungen f\u00fcr Bosnien und Ukraine\" srcset=\"https:\/\/conceptgreen.carlgross.de\/wp-content\/uploads\/2025\/07\/ConceptGreen_Produktion_2025-scaled.png 2560w, https:\/\/conceptgreen.carlgross.de\/wp-content\/uploads\/2025\/07\/ConceptGreen_Produktion_2025-300x200.png 300w, https:\/\/conceptgreen.carlgross.de\/wp-content\/uploads\/2025\/07\/ConceptGreen_Produktion_2025-1024x683.png 1024w, https:\/\/conceptgreen.carlgross.de\/wp-content\/uploads\/2025\/07\/ConceptGreen_Produktion_2025-768x512.png 768w, https:\/\/conceptgreen.carlgross.de\/wp-content\/uploads\/2025\/07\/ConceptGreen_Produktion_2025-1536x1024.png 1536w, https:\/\/conceptgreen.carlgross.de\/wp-content\/uploads\/2025\/07\/ConceptGreen_Produktion_2025-2048x1365.png 2048w, https:\/\/conceptgreen.carlgross.de\/wp-content\/uploads\/2025\/07\/ConceptGreen_Produktion_2025-18x12.png 18w\" sizes=\"(max-width: 2560px) 100vw, 2560px\" \/>\t\t\t\t\t\t\t\t\t\t\t\t\t\t\t<\/div>\n\t\t\t\t<\/div>\n\t\t\t\t\t<\/div>\n\t\t\t\t<\/div>\n\t\t\t\t<\/div>","protected":false},"excerpt":{"rendered":"<p>Bez\u00fcglich unserer Zutaten, wie z.B. Kn\u00f6pfen, Futter und Etiketten arbeiten wir bei CONCEPT GREEN ebenfalls ausschlie\u00dflich mit ausgew\u00e4hlten Partnern zusammen. Alle unsere Partner m\u00fcssen unseren Code of Conduct, unternehmenseigene RSL und unsere Einkaufsbedingungen einhalten. anker knopf GI. Tessil Ezio Ghirnighelli Nilron helsa Kufner A.C. Ter Kuile Sch\u00e4fer \u2013 Bodo Jagdberg FAUCK Produktions&shy;st\u00e4tten F\u00fcr unsere aktuelle [&hellip;]<\/p>\n","protected":false},"author":1,"featured_media":75,"parent":0,"menu_order":0,"comment_status":"closed","ping_status":"closed","template":"elementor_header_footer","meta":{"footnotes":""},"class_list":["post-25","page","type-page","status-publish","has-post-thumbnail","hentry"],"_links":{"self":[{"href":"https:\/\/conceptgreen.carlgross.de\/en\/wp-json\/wp\/v2\/pages\/25","targetHints":{"allow":["GET"]}}],"collection":[{"href":"https:\/\/conceptgreen.carlgross.de\/en\/wp-json\/wp\/v2\/pages"}],"about":[{"href":"https:\/\/conceptgreen.carlgross.de\/en\/wp-json\/wp\/v2\/types\/page"}],"author":[{"embeddable":true,"href":"https:\/\/conceptgreen.carlgross.de\/en\/wp-json\/wp\/v2\/users\/1"}],"replies":[{"embeddable":true,"href":"https:\/\/conceptgreen.carlgross.de\/en\/wp-json\/wp\/v2\/comments?post=25"}],"version-history":[{"count":0,"href":"https:\/\/conceptgreen.carlgross.de\/en\/wp-json\/wp\/v2\/pages\/25\/revisions"}],"wp:featuredmedia":[{"embeddable":true,"href":"https:\/\/conceptgreen.carlgross.de\/en\/wp-json\/wp\/v2\/media\/75"}],"wp:attachment":[{"href":"https:\/\/conceptgreen.carlgross.de\/en\/wp-json\/wp\/v2\/media?parent=25"}],"curies":[{"name":"wp","href":"https:\/\/api.w.org\/{rel}","templated":true}]}}