{"id":27,"date":"2023-01-12T12:59:33","date_gmt":"2023-01-12T11:59:33","guid":{"rendered":"https:\/\/conceptgreen.carlgross.de\/?page_id=27"},"modified":"2026-03-26T16:21:15","modified_gmt":"2026-03-26T15:21:15","slug":"materialien","status":"publish","type":"page","link":"https:\/\/conceptgreen.carlgross.de\/en\/materialien\/","title":{"rendered":"Materials"},"content":{"rendered":"<div data-elementor-type=\"wp-page\" data-elementor-id=\"27\" class=\"elementor elementor-27\" data-elementor-post-type=\"page\">\n\t\t\t\t<div class=\"elementor-element elementor-element-15d10eb e-flex e-con-boxed e-con e-parent\" data-id=\"15d10eb\" data-element_type=\"container\" data-e-type=\"container\">\n\t\t\t\t\t<div class=\"e-con-inner\">\n\t\t\t\t<div class=\"elementor-element elementor-element-66da796 elementor-widget elementor-widget-text-editor\" data-id=\"66da796\" data-element_type=\"widget\" data-e-type=\"widget\" data-widget_type=\"text-editor.default\">\n\t\t\t\t<div class=\"elementor-widget-container\">\n\t\t\t\t\t\t\t\t\t<p>It is important to us that our CONCEPT GREEN products are proportionately made of materials that are as natural and environmentally friendly as possible. Our goal is to have the sustainable components extended to all collection items as soon as possible.<\/p>\t\t\t\t\t\t\t\t<\/div>\n\t\t\t\t<\/div>\n\t\t\t\t\t<\/div>\n\t\t\t\t<\/div>\n\t\t<div class=\"elementor-element elementor-element-8adb6a5 e-flex e-con-boxed e-con e-parent\" data-id=\"8adb6a5\" data-element_type=\"container\" data-e-type=\"container\">\n\t\t\t\t\t<div class=\"e-con-inner\">\n\t\t<div class=\"elementor-element elementor-element-e33b521 e-con-full e-flex e-con e-child\" data-id=\"e33b521\" data-element_type=\"container\" data-e-type=\"container\" data-settings=\"{&quot;background_background&quot;:&quot;classic&quot;}\">\n\t\t\t\t<\/div>\n\t\t<div class=\"elementor-element elementor-element-092cecc e-con-full e-flex e-con e-child\" data-id=\"092cecc\" data-element_type=\"container\" data-e-type=\"container\">\n\t\t\t\t<div class=\"elementor-element elementor-element-b246c4f elementor-widget elementor-widget-heading\" data-id=\"b246c4f\" data-element_type=\"widget\" data-e-type=\"widget\" data-widget_type=\"heading.default\">\n\t\t\t\t<div class=\"elementor-widget-container\">\n\t\t\t\t\t<h2 class=\"elementor-heading-title elementor-size-default\">WOOL<\/h2>\t\t\t\t<\/div>\n\t\t\t\t<\/div>\n\t\t\t\t<div class=\"elementor-element elementor-element-7f030ac elementor-widget elementor-widget-text-editor\" data-id=\"7f030ac\" data-element_type=\"widget\" data-e-type=\"widget\" data-widget_type=\"text-editor.default\">\n\t\t\t\t<div class=\"elementor-widget-container\">\n\t\t\t\t\t\t\t\t\t<p>Wool is a pure, renewable natural product. Among other things, we use recycled, mulesing-free and undyed wool.\u00a0<\/p>\t\t\t\t\t\t\t\t<\/div>\n\t\t\t\t<\/div>\n\t\t\t\t<\/div>\n\t\t\t\t\t<\/div>\n\t\t\t\t<\/div>\n\t\t<div class=\"elementor-element elementor-element-3f1f3b0 e-flex e-con-boxed e-con e-parent\" data-id=\"3f1f3b0\" data-element_type=\"container\" data-e-type=\"container\">\n\t\t\t\t\t<div class=\"e-con-inner\">\n\t\t<div class=\"elementor-element elementor-element-6d1a9b8 e-con-full e-flex e-con e-child\" data-id=\"6d1a9b8\" data-element_type=\"container\" data-e-type=\"container\">\n\t\t\t\t<div class=\"elementor-element elementor-element-6d6ad52 elementor-widget elementor-widget-heading\" data-id=\"6d6ad52\" data-element_type=\"widget\" data-e-type=\"widget\" data-widget_type=\"heading.default\">\n\t\t\t\t<div class=\"elementor-widget-container\">\n\t\t\t\t\t<h2 class=\"elementor-heading-title elementor-size-default\">Harris Tweed<\/h2>\t\t\t\t<\/div>\n\t\t\t\t<\/div>\n\t\t\t\t<div class=\"elementor-element elementor-element-5d7aa82 elementor-widget elementor-widget-text-editor\" data-id=\"5d7aa82\" data-element_type=\"widget\" data-e-type=\"widget\" data-widget_type=\"text-editor.default\">\n\t\t\t\t<div class=\"elementor-widget-container\">\n\t\t\t\t\t\t\t\t\t<p>HARRIS TWEED fabric is dyed and woven in Scotland with great care and tradition. Only 100% mulesing-free British virgin wool is used. HARRIS TWEED also refrains from bleaching the wool and uses the fibres in their natural state to produce light colours. The finished fabric is certified as free from harmful substances. Further information about HARRIS TWEED can be found <a href=\"https:\/\/www.harristweedhebrides.com\/pages\/sustainability-certifications\">here<\/a>.<\/p>\t\t\t\t\t\t\t\t<\/div>\n\t\t\t\t<\/div>\n\t\t\t\t<\/div>\n\t\t<div class=\"elementor-element elementor-element-90f47de e-con-full e-flex e-con e-child\" data-id=\"90f47de\" data-element_type=\"container\" data-e-type=\"container\" data-settings=\"{&quot;background_background&quot;:&quot;classic&quot;}\">\n\t\t\t\t<\/div>\n\t\t\t\t\t<\/div>\n\t\t\t\t<\/div>\n\t\t<div class=\"elementor-element elementor-element-a2c9aaf e-flex e-con-boxed e-con e-parent\" data-id=\"a2c9aaf\" data-element_type=\"container\" data-e-type=\"container\">\n\t\t\t\t\t<div class=\"e-con-inner\">\n\t\t<div class=\"elementor-element elementor-element-0bca618 e-con-full e-flex e-con e-child\" data-id=\"0bca618\" data-element_type=\"container\" data-e-type=\"container\" data-settings=\"{&quot;background_background&quot;:&quot;classic&quot;}\">\n\t\t\t\t<\/div>\n\t\t<div class=\"elementor-element elementor-element-80fd825 e-con-full e-flex e-con e-child\" data-id=\"80fd825\" data-element_type=\"container\" data-e-type=\"container\">\n\t\t\t\t<div class=\"elementor-element elementor-element-93d4f63 elementor-widget elementor-widget-heading\" data-id=\"93d4f63\" data-element_type=\"widget\" data-e-type=\"widget\" data-widget_type=\"heading.default\">\n\t\t\t\t<div class=\"elementor-widget-container\">\n\t\t\t\t\t<h2 class=\"elementor-heading-title elementor-size-default\">GOTS certified outer fabric<\/h2>\t\t\t\t<\/div>\n\t\t\t\t<\/div>\n\t\t\t\t<div class=\"elementor-element elementor-element-2b505a7 elementor-widget elementor-widget-text-editor\" data-id=\"2b505a7\" data-element_type=\"widget\" data-e-type=\"widget\" data-widget_type=\"text-editor.default\">\n\t\t\t\t<div class=\"elementor-widget-container\">\n\t\t\t\t\t\t\t\t\t<p>. <a href=\"https:\/\/global-standard.org\/de\" target=\"_blank\" rel=\"noopener\">GOTS<\/a> is a globally recognised standard for the processing of textiles made from organically produced natural fibres. The seal defines environmental requirements along the entire textile production chain as well as social criteria. The fabrics used by our weavers, such as Leomaster, Marzotto and Olimpias, must also already be GOTS-certified in order for us to be able to produce our GOTS articles from them. We ourselves are also certified with the number CERES-1038.<\/p>\t\t\t\t\t\t\t\t<\/div>\n\t\t\t\t<\/div>\n\t\t\t\t<\/div>\n\t\t\t\t\t<\/div>\n\t\t\t\t<\/div>\n\t\t<div class=\"elementor-element elementor-element-4c031c8 e-flex e-con-boxed e-con e-parent\" data-id=\"4c031c8\" data-element_type=\"container\" data-e-type=\"container\">\n\t\t\t\t\t<div class=\"e-con-inner\">\n\t\t<div class=\"elementor-element elementor-element-4c4711b e-con-full e-flex e-con e-child\" data-id=\"4c4711b\" data-element_type=\"container\" data-e-type=\"container\">\n\t\t\t\t<div class=\"elementor-element elementor-element-0bbe3c1 elementor-widget elementor-widget-heading\" data-id=\"0bbe3c1\" data-element_type=\"widget\" data-e-type=\"widget\" data-widget_type=\"heading.default\">\n\t\t\t\t<div class=\"elementor-widget-container\">\n\t\t\t\t\t<h2 class=\"elementor-heading-title elementor-size-default\">Recycled materials<\/h2>\t\t\t\t<\/div>\n\t\t\t\t<\/div>\n\t\t\t\t<div class=\"elementor-element elementor-element-b637b7e elementor-widget elementor-widget-text-editor\" data-id=\"b637b7e\" data-element_type=\"widget\" data-e-type=\"widget\" data-widget_type=\"text-editor.default\">\n\t\t\t\t<div class=\"elementor-widget-container\">\n\t\t\t\t\t\t\t\t\t<p>It is not only the processing of natural fibres that is environmentally friendly, but also the recycling of raw materials that are already in the cycle. This can be pre-consumer waste or post-consumer waste, for example. We use recycled cotton, recycled polyamide and recycled polyester, among other things. An approach to produce less waste in the long term and conserve natural resources.<\/p>\t\t\t\t\t\t\t\t<\/div>\n\t\t\t\t<\/div>\n\t\t\t\t<\/div>\n\t\t<div class=\"elementor-element elementor-element-bcd8ec0 e-con-full e-flex e-con e-child\" data-id=\"bcd8ec0\" data-element_type=\"container\" data-e-type=\"container\" data-settings=\"{&quot;background_background&quot;:&quot;classic&quot;}\">\n\t\t\t\t<\/div>\n\t\t\t\t\t<\/div>\n\t\t\t\t<\/div>\n\t\t<div class=\"elementor-element elementor-element-cfb0569 e-flex e-con-boxed e-con e-parent\" data-id=\"cfb0569\" data-element_type=\"container\" data-e-type=\"container\">\n\t\t\t\t\t<div class=\"e-con-inner\">\n\t\t<div class=\"elementor-element elementor-element-3359e51 e-con-full e-flex e-con e-child\" data-id=\"3359e51\" data-element_type=\"container\" data-e-type=\"container\" data-settings=\"{&quot;background_background&quot;:&quot;classic&quot;}\">\n\t\t\t\t<\/div>\n\t\t<div class=\"elementor-element elementor-element-0ca3d9e e-con-full e-flex e-con e-child\" data-id=\"0ca3d9e\" data-element_type=\"container\" data-e-type=\"container\">\n\t\t\t\t<div class=\"elementor-element elementor-element-cd3f3be elementor-widget elementor-widget-heading\" data-id=\"cd3f3be\" data-element_type=\"widget\" data-e-type=\"widget\" data-widget_type=\"heading.default\">\n\t\t\t\t<div class=\"elementor-widget-container\">\n\t\t\t\t\t<h2 class=\"elementor-heading-title elementor-size-default\">Certified trims and fabrics<\/h2>\t\t\t\t<\/div>\n\t\t\t\t<\/div>\n\t\t\t\t<div class=\"elementor-element elementor-element-796f577 elementor-widget elementor-widget-text-editor\" data-id=\"796f577\" data-element_type=\"widget\" data-e-type=\"widget\" data-widget_type=\"text-editor.default\">\n\t\t\t\t<div class=\"elementor-widget-container\">\n\t\t\t\t\t\t\t\t\t<p>In addition, we use ingredients and fabrics that have already been certified by our suppliers and weavers. These include certified for harmful substances tested ingredients (e.g. buttons, lining, etc.) and outer fabrics for, among others, cotton and linen or certified paper and viscose from sustainable forestry. We also use sustainably certified cotton.<\/p>\t\t\t\t\t\t\t\t<\/div>\n\t\t\t\t<\/div>\n\t\t\t\t<\/div>\n\t\t\t\t\t<\/div>\n\t\t\t\t<\/div>\n\t\t<div class=\"elementor-element elementor-element-968ef37 e-flex e-con-boxed e-con e-parent\" data-id=\"968ef37\" data-element_type=\"container\" data-e-type=\"container\">\n\t\t\t\t\t<div class=\"e-con-inner\">\n\t\t<div class=\"elementor-element elementor-element-1cd88e3 e-con-full e-flex e-con e-child\" data-id=\"1cd88e3\" data-element_type=\"container\" data-e-type=\"container\">\n\t\t\t\t<div class=\"elementor-element elementor-element-45a0319 elementor-widget elementor-widget-heading\" data-id=\"45a0319\" data-element_type=\"widget\" data-e-type=\"widget\" data-widget_type=\"heading.default\">\n\t\t\t\t<div class=\"elementor-widget-container\">\n\t\t\t\t\t<h2 class=\"elementor-heading-title elementor-size-default\">Vegetable-tanned leather<\/h2>\t\t\t\t<\/div>\n\t\t\t\t<\/div>\n\t\t\t\t<div class=\"elementor-element elementor-element-65d9387 elementor-widget elementor-widget-text-editor\" data-id=\"65d9387\" data-element_type=\"widget\" data-e-type=\"widget\" data-widget_type=\"text-editor.default\">\n\t\t\t\t<div class=\"elementor-widget-container\">\n\t\t\t\t\t\t\t\t\tWe only use vegetable-tanned leather for our leather patches and buttons. This is a particularly environmentally friendly tanning method. It is chrome- and metal-free. This plant-based process takes longer and is more expensive than conventional tanning and leaves no metals that have to be cleaned in wastewater. The leather is also made by hand, which is why no emissions are released into the atmosphere during production. Vegetable tanning is currently the most ecologically sustainable form of processing.\t\t\t\t\t\t\t\t<\/div>\n\t\t\t\t<\/div>\n\t\t\t\t<\/div>\n\t\t<div class=\"elementor-element elementor-element-6fbcec9 e-con-full e-flex e-con e-child\" data-id=\"6fbcec9\" data-element_type=\"container\" data-e-type=\"container\" data-settings=\"{&quot;background_background&quot;:&quot;classic&quot;}\">\n\t\t\t\t<\/div>\n\t\t\t\t\t<\/div>\n\t\t\t\t<\/div>\n\t\t\t\t<\/div>","protected":false},"excerpt":{"rendered":"<p>Wir legen Wert darauf, dass unsere CONCEPT GREEN Produkte anteilig aus m\u00f6glichst nat\u00fcrlichen und umweltschonenden Materialien bestehen. Unser Ziel ist es, sobald als m\u00f6glich, die nachhaltigen Komponenten auf alle Kollektionsartikel ausgeweitet zu haben. Wolle Bei Wolle handelt es sich um ein reines, nachwachsendes Naturprodukt. Wir verwenden unter anderem recycelte, mulesingfreie und ungef\u00e4rbte Wolle.\u00a0 Harris Tweed [&hellip;]<\/p>\n","protected":false},"author":1,"featured_media":76,"parent":0,"menu_order":0,"comment_status":"closed","ping_status":"closed","template":"","meta":{"footnotes":""},"class_list":["post-27","page","type-page","status-publish","has-post-thumbnail","hentry"],"_links":{"self":[{"href":"https:\/\/conceptgreen.carlgross.de\/en\/wp-json\/wp\/v2\/pages\/27","targetHints":{"allow":["GET"]}}],"collection":[{"href":"https:\/\/conceptgreen.carlgross.de\/en\/wp-json\/wp\/v2\/pages"}],"about":[{"href":"https:\/\/conceptgreen.carlgross.de\/en\/wp-json\/wp\/v2\/types\/page"}],"author":[{"embeddable":true,"href":"https:\/\/conceptgreen.carlgross.de\/en\/wp-json\/wp\/v2\/users\/1"}],"replies":[{"embeddable":true,"href":"https:\/\/conceptgreen.carlgross.de\/en\/wp-json\/wp\/v2\/comments?post=27"}],"version-history":[{"count":3,"href":"https:\/\/conceptgreen.carlgross.de\/en\/wp-json\/wp\/v2\/pages\/27\/revisions"}],"predecessor-version":[{"id":3614,"href":"https:\/\/conceptgreen.carlgross.de\/en\/wp-json\/wp\/v2\/pages\/27\/revisions\/3614"}],"wp:featuredmedia":[{"embeddable":true,"href":"https:\/\/conceptgreen.carlgross.de\/en\/wp-json\/wp\/v2\/media\/76"}],"wp:attachment":[{"href":"https:\/\/conceptgreen.carlgross.de\/en\/wp-json\/wp\/v2\/media?parent=27"}],"curies":[{"name":"wp","href":"https:\/\/api.w.org\/{rel}","templated":true}]}}