{"id":3236,"date":"2025-07-14T13:24:22","date_gmt":"2025-07-14T11:24:22","guid":{"rendered":"https:\/\/conceptgreen.carlgross.de\/?page_id=3236"},"modified":"2025-07-14T13:26:43","modified_gmt":"2025-07-14T11:26:43","slug":"barrierefreiheit","status":"publish","type":"page","link":"https:\/\/conceptgreen.carlgross.de\/en\/barrierefreiheit\/","title":{"rendered":"Barrierefreiheit"},"content":{"rendered":"<p>Die Cr\u00e9ation Gross GmbH &amp; Co. KG ist bem\u00fcht, ihre Website conceptgreen.carlgross.de im Einklang mit dem Barrierefreiheitsst\u00e4rkungsgesetz (BFSG) barrierefrei zug\u00e4nglich zu machen.<\/p>\n\n\n\n<h2 class=\"wp-block-heading\">Stand der Vereinbarkeit mit den Anforderungen<\/h2>\n\n\n\n<p>Diese Website ist nach eigener Pr\u00fcfung und unter Einsatz von Tools wie WAVE sowie manuellen Tests mit den Anforderungen des BFSG vollst\u00e4ndig vereinbar. Alle Inhalte und Funktionen sind barrierefrei gestaltet.<\/p>\n\n\n\n<h2 class=\"wp-block-heading\">Ma\u00dfnahmen zur Barrierefreiheit<\/h2>\n\n\n\n<p>Folgende Ma\u00dfnahmen wurden zur Verbesserung und Sicherstellung der Barrierefreiheit umgesetzt:<\/p>\n\n\n\n<ul class=\"wp-block-list\">\n<li>S\u00e4mtliche Bilder und Grafiken verf\u00fcgen \u00fcber aussagekr\u00e4ftige Alternativtexte.<\/li>\n\n\n\n<li>Die Website ist vollst\u00e4ndig per Tastatur bedienbar.<\/li>\n\n\n\n<li>Es wurden ausreichende Farbkontraste f\u00fcr alle Texte und Bedienelemente sichergestellt.<\/li>\n\n\n\n<li>Die Seite ist mit g\u00e4ngigen Screenreadern kompatibel.<\/li>\n\n\n\n<li>Formulare und interaktive Elemente sind barrierefrei gestaltet.<\/li>\n\n\n\n<li>Strukturierte \u00dcberschriften und semantische Auszeichnung werden konsequent verwendet.<\/li>\n\n\n\n<li>Die Navigation ist klar und verst\u00e4ndlich aufgebaut.<\/li>\n<\/ul>\n\n\n\n<h2 class=\"wp-block-heading\">Nicht barrierefreie Inhalte<\/h2>\n\n\n\n<p>Trotz aller&nbsp;Bem\u00fchungen ist&nbsp;folgende Barriere bekannt:<\/p>\n\n\n\n<p><strong>Bild bei\u00a0der Anzeige der\u00a0Page-Transition:<\/strong><br>Das Bild, das\u00a0w\u00e4hrend der Seiten\u00fcberg\u00e4nge angezeigt\u00a0wird, verf\u00fcgt\u00a0aktuell \u00fcber\u00a0keinen Alternativtext. Aus\u00a0technischen Gr\u00fcnden\u00a0ist es derzeit\u00a0nicht m\u00f6glich, diesem Bild\u00a0einen Alt-Text zuzuweisen. Wir\u00a0arbeiten an einer\u00a0L\u00f6sung, um auch\u00a0diesen Bereich\u00a0k\u00fcnftig barrierefrei zu\u00a0gestalten.<\/p>\n\n\n\n<h2 class=\"wp-block-heading\">Feedback und Kontakt<\/h2>\n\n\n\n<p>Sollten Ihnen dennoch Barrieren auf unserer Website auffallen oder ben\u00f6tigen Sie Informationen in einer f\u00fcr Sie zug\u00e4nglichen Form, kontaktieren Sie uns bitte per E-Mail an:<br><strong><a href=\"mailto:info@carlgross.de\" target=\"_blank\" rel=\"noreferrer noopener\">info@carlgross.de<\/a><\/strong><br>Weitere Kontaktdaten finden Sie im&nbsp;<a href=\"https:\/\/conceptgreen.carlgross.de\/en\/impressum\/\" target=\"_blank\" rel=\"noreferrer noopener\">Legal notice<\/a>.<\/p>\n\n\n\n<h2 class=\"wp-block-heading\">Durchsetzungsverfahren<\/h2>\n\n\n\n<p>Falls Sie innerhalb von sechs Wochen keine zufriedenstellende Antwort auf Ihre Anfrage zur Barrierefreiheit erhalten, k\u00f6nnen Sie sich an die zust\u00e4ndige Markt\u00fcberwachungsbeh\u00f6rde wenden:<\/p>\n\n\n\n<p>Regierung von Oberbayern<br>Sachgebiet 51 \u2013 Markt\u00fcberwachung<br>Maximilianstra\u00dfe 39<br>80538 M\u00fcnchen<\/p>\n\n\n\n<h2 class=\"wp-block-heading\">Geltungsbereich<\/h2>\n\n\n\n<p>Diese Erkl\u00e4rung gilt f\u00fcr das Online-Angebot der Cr\u00e9ation Gross GmbH &amp; Co. KG unter&nbsp;<a rel=\"noreferrer noopener\" target=\"_blank\" href=\"https:\/\/conceptgreen.carlgross.de\/en\/\">conceptgreen.carlgross.de<\/a>, das nachhaltige Produkte und Informationen rund um die Marke CONCEPT GREEN bereitstellt.<\/p>\n\n\n\n<p><strong>Stand der Erkl\u00e4rung:<\/strong>&nbsp;14.07.2025<\/p>\n\n\n\n<p><strong>Firmenangaben:<\/strong><br>Cr\u00e9ation Gross GmbH &amp; Co. KG<br>Houbirgstra\u00dfe 7<br>91217 Hersbruck<br>Telefon: +49 9151 736 0<br>E-Mail:&nbsp;<a rel=\"noreferrer noopener\" target=\"_blank\" href=\"mailto:info@carlgross.de\">info@carlgross.de<\/a><\/p>","protected":false},"excerpt":{"rendered":"<p>Die Cr\u00e9ation Gross GmbH &amp; Co. KG ist bem\u00fcht, ihre Website conceptgreen.carlgross.de im Einklang mit dem Barrierefreiheitsst\u00e4rkungsgesetz (BFSG) barrierefrei zug\u00e4nglich zu machen. Stand der Vereinbarkeit mit den Anforderungen Diese Website ist nach eigener Pr\u00fcfung und unter Einsatz von Tools wie WAVE sowie manuellen Tests mit den Anforderungen des BFSG vollst\u00e4ndig vereinbar. Alle Inhalte und Funktionen [&hellip;]<\/p>\n","protected":false},"author":1,"featured_media":0,"parent":0,"menu_order":0,"comment_status":"closed","ping_status":"closed","template":"","meta":{"footnotes":""},"class_list":["post-3236","page","type-page","status-publish","hentry"],"_links":{"self":[{"href":"https:\/\/conceptgreen.carlgross.de\/en\/wp-json\/wp\/v2\/pages\/3236","targetHints":{"allow":["GET"]}}],"collection":[{"href":"https:\/\/conceptgreen.carlgross.de\/en\/wp-json\/wp\/v2\/pages"}],"about":[{"href":"https:\/\/conceptgreen.carlgross.de\/en\/wp-json\/wp\/v2\/types\/page"}],"author":[{"embeddable":true,"href":"https:\/\/conceptgreen.carlgross.de\/en\/wp-json\/wp\/v2\/users\/1"}],"replies":[{"embeddable":true,"href":"https:\/\/conceptgreen.carlgross.de\/en\/wp-json\/wp\/v2\/comments?post=3236"}],"version-history":[{"count":0,"href":"https:\/\/conceptgreen.carlgross.de\/en\/wp-json\/wp\/v2\/pages\/3236\/revisions"}],"wp:attachment":[{"href":"https:\/\/conceptgreen.carlgross.de\/en\/wp-json\/wp\/v2\/media?parent=3236"}],"curies":[{"name":"wp","href":"https:\/\/api.w.org\/{rel}","templated":true}]}}